{"id":4212,"date":"2015-01-30T07:13:55","date_gmt":"2015-01-30T05:13:55","guid":{"rendered":"http:\/\/colegiultehnicbals.ro\/?page_id=4212"},"modified":"2024-02-16T09:31:09","modified_gmt":"2024-02-16T07:31:09","slug":"despre-noi","status":"publish","type":"page","link":"https:\/\/colegiultehnicbals.ro\/en\/despre-noi\/","title":{"rendered":"Despre noi"},"content":{"rendered":"<p><strong>Liceul Tehnologic Nr.1 Bal\u0219<\/strong> este o institu\u021bie de \u00eenv\u0103\u021b\u0103m\u00e2nt cunoscut\u0103 la nivelul jude\u021bului \u0219i la nivel na\u021bional, fiind o \u0219coal\u0103 cu tradi\u021bie \u00een peisajul \u00eenv\u0103\u021b\u0103m\u00e2ntului oltean \u0219i cu rezonan\u021b\u0103 \u00een domeniul tehnologic.<\/p>","protected":false},"excerpt":{"rendered":"<p>Liceul Tehnologic Nr.1 Bal\u0219 este o institu\u021bie de \u00eenv\u0103\u021b\u0103m\u00e2nt cunoscut\u0103 la nivelul jude\u021bului \u0219i la nivel na\u021bional, fiind o \u0219coal\u0103 cu tradi\u021bie \u00een peisajul \u00eenv\u0103\u021b\u0103m\u00e2ntului oltean \u0219i cu rezonan\u021b\u0103 \u00een domeniul tehnologic.<\/p>","protected":false},"author":6,"featured_media":0,"parent":0,"menu_order":0,"comment_status":"open","ping_status":"open","template":"","meta":{"_s2mail":"yes","footnotes":""},"class_list":["post-4212","page","type-page","status-publish","hentry"],"aioseo_notices":[],"_links":{"self":[{"href":"https:\/\/colegiultehnicbals.ro\/en\/wp-json\/wp\/v2\/pages\/4212"}],"collection":[{"href":"https:\/\/colegiultehnicbals.ro\/en\/wp-json\/wp\/v2\/pages"}],"about":[{"href":"https:\/\/colegiultehnicbals.ro\/en\/wp-json\/wp\/v2\/types\/page"}],"author":[{"embeddable":true,"href":"https:\/\/colegiultehnicbals.ro\/en\/wp-json\/wp\/v2\/users\/6"}],"replies":[{"embeddable":true,"href":"https:\/\/colegiultehnicbals.ro\/en\/wp-json\/wp\/v2\/comments?post=4212"}],"version-history":[{"count":0,"href":"https:\/\/colegiultehnicbals.ro\/en\/wp-json\/wp\/v2\/pages\/4212\/revisions"}],"wp:attachment":[{"href":"https:\/\/colegiultehnicbals.ro\/en\/wp-json\/wp\/v2\/media?parent=4212"}],"curies":[{"name":"wp","href":"https:\/\/api.w.org\/{rel}","templated":true}]}}