{"id":4218,"date":"2015-01-30T07:19:12","date_gmt":"2015-01-30T05:19:12","guid":{"rendered":"http:\/\/colegiultehnicbals.ro\/?page_id=4218"},"modified":"2024-09-25T08:00:14","modified_gmt":"2024-09-25T05:00:14","slug":"secretariat","status":"publish","type":"page","link":"https:\/\/colegiultehnicbals.ro\/en\/secretariat\/","title":{"rendered":"Secretariat"},"content":{"rendered":"<p style=\"text-align: center\"><strong>PROGRAM DE LUCRU<\/strong><\/p>\n<p style=\"text-align: center\"><strong>ELEVI \u0218I P\u0102RIN\u021aI:<\/strong><\/p>\n<p style=\"text-align: center\"><strong>LUNI\u00a0 &#8211; VINERI<\/strong><\/p>\n<p style=\"text-align: center\"><strong>07<sup>00<\/sup> \u2013 15<sup>00<\/sup><\/strong><\/p>\n<p style=\"text-align: center\"><strong>Eliberare diplome: LUNI &#8211; VINERI \u00a012<sup>30<\/sup> \u2013 15<sup>00<\/sup><\/strong><\/p>\n<p style=\"text-align: center\"><strong>PROFESORI:<\/strong><\/p>\n<p style=\"text-align: center\"><strong>LUNI\u00a0 &#8211; VINERI<\/strong><\/p>\n<p style=\"text-align: center\"><strong>08<sup>00<\/sup> \u2013 15<sup>00<\/sup><\/strong><\/p>\n<p style=\"text-align: center\">Secretar Sef: Vegliach \u0218tefania\u00a0 \u00a0 \u00a0 \u00a0 \u00a0 \u00a0Secretar: \u0218tef\u0103nic\u0103 Magdalena<\/p>\n<p style=\"text-align: center\">Adeverin\u021bele se depun la secretariatul liceului, urm\u00e2nd a fi eliberate \u00een ziua urm\u0103toare.<\/p>\n<p style=\"text-align: center\"><strong><a href=\"http:\/\/colegiultehnicbals.ro\/wp-content\/uploads\/2015\/01\/cerere-alocatie.pdf\">Cerere alocatie<\/a><\/strong><\/p>","protected":false},"excerpt":{"rendered":"<p>PROGRAM DE LUCRU ELEVI \u0218I P\u0102RIN\u021aI: LUNI\u00a0 &#8211; VINERI 0700 \u2013 1500 Eliberare diplome: LUNI &#8211; VINERI \u00a01230 \u2013 1500 PROFESORI: LUNI\u00a0 &#8211; VINERI 0800 \u2013 1500 Secretar Sef: Vegliach \u0218tefania\u00a0 \u00a0 \u00a0 \u00a0&#46;&#46;&#46;<\/p>","protected":false},"author":6,"featured_media":4973,"parent":0,"menu_order":0,"comment_status":"open","ping_status":"open","template":"","meta":{"_s2mail":"yes","footnotes":""},"class_list":["post-4218","page","type-page","status-publish","has-post-thumbnail","hentry"],"aioseo_notices":[],"_links":{"self":[{"href":"https:\/\/colegiultehnicbals.ro\/en\/wp-json\/wp\/v2\/pages\/4218"}],"collection":[{"href":"https:\/\/colegiultehnicbals.ro\/en\/wp-json\/wp\/v2\/pages"}],"about":[{"href":"https:\/\/colegiultehnicbals.ro\/en\/wp-json\/wp\/v2\/types\/page"}],"author":[{"embeddable":true,"href":"https:\/\/colegiultehnicbals.ro\/en\/wp-json\/wp\/v2\/users\/6"}],"replies":[{"embeddable":true,"href":"https:\/\/colegiultehnicbals.ro\/en\/wp-json\/wp\/v2\/comments?post=4218"}],"version-history":[{"count":0,"href":"https:\/\/colegiultehnicbals.ro\/en\/wp-json\/wp\/v2\/pages\/4218\/revisions"}],"wp:featuredmedia":[{"embeddable":true,"href":"https:\/\/colegiultehnicbals.ro\/en\/wp-json\/wp\/v2\/media\/4973"}],"wp:attachment":[{"href":"https:\/\/colegiultehnicbals.ro\/en\/wp-json\/wp\/v2\/media?parent=4218"}],"curies":[{"name":"wp","href":"https:\/\/api.w.org\/{rel}","templated":true}]}}